{"id":149,"date":"2022-11-24T21:42:04","date_gmt":"2022-11-24T21:42:04","guid":{"rendered":"http:\/\/walk-with-your-soul.se\/index.php\/home\/"},"modified":"2026-03-07T15:11:29","modified_gmt":"2026-03-07T15:11:29","slug":"home","status":"publish","type":"page","link":"https:\/\/walk-with-your-soul.se\/","title":{"rendered":"Startsidan"},"content":{"rendered":"<h3><img loading=\"lazy\" decoding=\"async\" class=\"size-full wp-image-223 aligncenter\" src=\"http:\/\/walk-with-your-soul.se\/wp-content\/uploads\/2022\/11\/IMG_5015_forstorad.jpg\" alt=\"Walk with your soul\" width=\"1418\" height=\"945\" srcset=\"https:\/\/walk-with-your-soul.se\/wp-content\/uploads\/2022\/11\/IMG_5015_forstorad.jpg 1418w, https:\/\/walk-with-your-soul.se\/wp-content\/uploads\/2022\/11\/IMG_5015_forstorad-300x200.jpg 300w, https:\/\/walk-with-your-soul.se\/wp-content\/uploads\/2022\/11\/IMG_5015_forstorad-1024x682.jpg 1024w, https:\/\/walk-with-your-soul.se\/wp-content\/uploads\/2022\/11\/IMG_5015_forstorad-768x512.jpg 768w, https:\/\/walk-with-your-soul.se\/wp-content\/uploads\/2022\/11\/IMG_5015_forstorad-174x116.jpg 174w\" sizes=\"auto, (max-width: 1418px) 100vw, 1418px\" \/><\/h3>\n<h1 style=\"text-align: center;\">Hej och v\u00e4lkommen!<\/h1>\n<h6 style=\"text-align: center;\"><em>\u201dAtt hj\u00e4lpa mina klienter genomleva sina k\u00e4nslor f\u00f6r att komma i kontakt med sig sj\u00e4lva<\/em><br \/>\n<em>och sen komma vidare i livet, ja det \u00e4r sj\u00e4lva k\u00e4rnan i mitt arbete som SER terapeut.\u201d<\/em><\/h6>\n<p style=\"text-align: center;\"><a href=\"http:\/\/walk-with-your-soul.se\/wp-content\/uploads\/2023\/08\/IMG_6125.jpeg\"><img loading=\"lazy\" decoding=\"async\" class=\"aligncenter size-medium wp-image-579\" src=\"http:\/\/walk-with-your-soul.se\/wp-content\/uploads\/2023\/08\/IMG_6125-229x300.jpeg\" alt=\"\" width=\"229\" height=\"300\" srcset=\"https:\/\/walk-with-your-soul.se\/wp-content\/uploads\/2023\/08\/IMG_6125-229x300.jpeg 229w, https:\/\/walk-with-your-soul.se\/wp-content\/uploads\/2023\/08\/IMG_6125-783x1024.jpeg 783w, https:\/\/walk-with-your-soul.se\/wp-content\/uploads\/2023\/08\/IMG_6125-768x1004.jpeg 768w, https:\/\/walk-with-your-soul.se\/wp-content\/uploads\/2023\/08\/IMG_6125.jpeg 800w\" sizes=\"auto, (max-width: 229px) 100vw, 229px\" \/><\/a><!--more-->L\u00e4s g\u00e4rna min uppsats \u00a0\u201dAtt v\u00e4xa UR sitt trauma\u201d\u00a0<a href=\"https:\/\/serterapi.se\/att-vaxa-ur-sitt-trauma\/\">https:\/\/serterapi.se\/att-vaxa-ur-sitt-trauma\/<\/a><\/p>\n<p><img loading=\"lazy\" decoding=\"async\" class=\"aligncenter wp-image-226\" src=\"http:\/\/walk-with-your-soul.se\/wp-content\/uploads\/2022\/11\/hjarta_med_skugga_.jpg\" alt=\"Hjarta Walk with your soul\" width=\"100\" height=\"93\" srcset=\"https:\/\/walk-with-your-soul.se\/wp-content\/uploads\/2022\/11\/hjarta_med_skugga_.jpg 974w, https:\/\/walk-with-your-soul.se\/wp-content\/uploads\/2022\/11\/hjarta_med_skugga_-300x279.jpg 300w, https:\/\/walk-with-your-soul.se\/wp-content\/uploads\/2022\/11\/hjarta_med_skugga_-768x714.jpg 768w, https:\/\/walk-with-your-soul.se\/wp-content\/uploads\/2022\/11\/hjarta_med_skugga_-125x116.jpg 125w\" sizes=\"auto, (max-width: 100px) 100vw, 100px\" \/><\/p>\n<p style=\"text-align: center;\"><img loading=\"lazy\" decoding=\"async\" class=\"aligncenter wp-image-221\" src=\"http:\/\/walk-with-your-soul.se\/wp-content\/uploads\/2022\/11\/IMG_4955-744x1024.jpeg\" alt=\"Walk with your soul\" width=\"500\" height=\"688\" srcset=\"https:\/\/walk-with-your-soul.se\/wp-content\/uploads\/2022\/11\/IMG_4955-744x1024.jpeg 744w, https:\/\/walk-with-your-soul.se\/wp-content\/uploads\/2022\/11\/IMG_4955-218x300.jpeg 218w, https:\/\/walk-with-your-soul.se\/wp-content\/uploads\/2022\/11\/IMG_4955-768x1057.jpeg 768w, https:\/\/walk-with-your-soul.se\/wp-content\/uploads\/2022\/11\/IMG_4955-84x116.jpeg 84w, https:\/\/walk-with-your-soul.se\/wp-content\/uploads\/2022\/11\/IMG_4955.jpeg 964w\" sizes=\"auto, (max-width: 500px) 100vw, 500px\" \/><\/p>\n<h3 style=\"text-align: center;\"><em><a href=\"http:\/\/walk-with-your-soul.se\/index.php\/las-mer-startsidan\/\">V\u00e4lkommen in&#8230;<\/a><\/em><\/h3>\n<p style=\"text-align: center;\"><img loading=\"lazy\" decoding=\"async\" class=\"aligncenter wp-image-226\" src=\"http:\/\/walk-with-your-soul.se\/wp-content\/uploads\/2022\/11\/hjarta_med_skugga_.jpg\" alt=\"Hjarta Walk with your soul\" width=\"100\" height=\"93\" srcset=\"https:\/\/walk-with-your-soul.se\/wp-content\/uploads\/2022\/11\/hjarta_med_skugga_.jpg 974w, https:\/\/walk-with-your-soul.se\/wp-content\/uploads\/2022\/11\/hjarta_med_skugga_-300x279.jpg 300w, https:\/\/walk-with-your-soul.se\/wp-content\/uploads\/2022\/11\/hjarta_med_skugga_-768x714.jpg 768w, https:\/\/walk-with-your-soul.se\/wp-content\/uploads\/2022\/11\/hjarta_med_skugga_-125x116.jpg 125w\" sizes=\"auto, (max-width: 100px) 100vw, 100px\" \/><\/p>\n<h5 style=\"text-align: center;\"><\/h5>\n","protected":false},"excerpt":{"rendered":"<p>Hej och v\u00e4lkommen! \u201dAtt hj\u00e4lpa mina klienter genomleva sina k\u00e4nslor f\u00f6r att komma i kontakt med sig sj\u00e4lva och sen komma vidare i livet, ja det \u00e4r sj\u00e4lva k\u00e4rnan i mitt arbete som SER terapeut.\u201d<\/p>\n","protected":false},"author":1,"featured_media":0,"parent":0,"menu_order":0,"comment_status":"closed","ping_status":"closed","template":"","meta":{"site-sidebar-layout":"no-sidebar","site-content-layout":"page-builder","ast-global-header-display":"","ast-main-header-display":"","ast-hfb-above-header-display":"","ast-hfb-below-header-display":"","ast-hfb-mobile-header-display":"","site-post-title":"disabled","ast-breadcrumbs-content":"","ast-featured-img":"","footer-sml-layout":"","theme-transparent-header-meta":"default","adv-header-id-meta":"","stick-header-meta":"","header-above-stick-meta":"","header-main-stick-meta":"","header-below-stick-meta":"","footnotes":""},"class_list":["post-149","page","type-page","status-publish","hentry"],"_links":{"self":[{"href":"https:\/\/walk-with-your-soul.se\/index.php\/wp-json\/wp\/v2\/pages\/149","targetHints":{"allow":["GET"]}}],"collection":[{"href":"https:\/\/walk-with-your-soul.se\/index.php\/wp-json\/wp\/v2\/pages"}],"about":[{"href":"https:\/\/walk-with-your-soul.se\/index.php\/wp-json\/wp\/v2\/types\/page"}],"author":[{"embeddable":true,"href":"https:\/\/walk-with-your-soul.se\/index.php\/wp-json\/wp\/v2\/users\/1"}],"replies":[{"embeddable":true,"href":"https:\/\/walk-with-your-soul.se\/index.php\/wp-json\/wp\/v2\/comments?post=149"}],"version-history":[{"count":53,"href":"https:\/\/walk-with-your-soul.se\/index.php\/wp-json\/wp\/v2\/pages\/149\/revisions"}],"predecessor-version":[{"id":888,"href":"https:\/\/walk-with-your-soul.se\/index.php\/wp-json\/wp\/v2\/pages\/149\/revisions\/888"}],"wp:attachment":[{"href":"https:\/\/walk-with-your-soul.se\/index.php\/wp-json\/wp\/v2\/media?parent=149"}],"curies":[{"name":"wp","href":"https:\/\/api.w.org\/{rel}","templated":true}]}}